{"id":9733,"date":"2019-11-19T12:03:40","date_gmt":"2019-11-19T12:03:40","guid":{"rendered":"https:\/\/projects.fikirbuzzprojects.com\/lifeoxygen\/?page_id=9733"},"modified":"2019-11-19T12:03:46","modified_gmt":"2019-11-19T12:03:46","slug":"gizlilik-sozlesmesi","status":"publish","type":"page","link":"https:\/\/projects.fikirbuzzprojects.com\/lifeoxygen\/gizlilik-sozlesmesi\/","title":{"rendered":"Gizlilik S\u00f6zle\u015fmesi"},"content":{"rendered":"<div class=\"row \"><div class=\"wpv-grid grid-1-1  wpv-first-level first unextended\" style=\"padding-top:0px;padding-bottom:0px\" id=\"wpv-column-f48e23b2ffa3d1e2145aa822bfc55b77\" ><p>A\u015fa\u011f\u0131da yer alan \u201cKullan\u0131m \u015eartlar\u0131\u201d, \u2018\u2019www.lifeoxygen.com.tr\u2019\u2019, siz de\u011ferli kullan\u0131c\u0131lar\u0131m\u0131za sa\u011flad\u0131\u011f\u0131 bilgi ve hizmetlerin sa\u011flanmas\u0131na ili\u015fkin h\u00fck\u00fcmleri d\u00fczenlemektedir.<\/p>\n<p>\u2018\u2019www.lifeoxygen.com.tr\u2019\u2019web sitesi (www.lifeoxygen.com.tr) ziyaret eden ve herhangi bir ama\u00e7la bilgi\/ileti\u015fim formlar\u0131n\u0131 dolduran her kullan\u0131c\u0131 Kullan\u0131m \u015eartlar\u0131\u2019nda yer alan h\u00fck\u00fcmleri okumu\u015f ve kabul etmi\u015f say\u0131lacakt\u0131r.<\/p>\n<p>S\u00f6zle\u015fme Ko\u015fullar\u0131<\/p>\n<p>1. Sitede yer alan t\u00fcm i\u00e7erik ve d\u00f6k\u00fcmanlar \u2018\u2019www.lifeoxygen.com.tr\u2019\u2019 un m\u00fclkiyetindedir. Bu i\u00e7erik ve d\u00f6k\u00fcmanlar kopyalanamaz, online veya bas\u0131l\u0131 olarak kullan\u0131lamaz ve \u00e7o\u011falt\u0131lamaz. Yukar\u0131da belirtilenden ba\u011f\u0131ms\u0131z olarak, sitenin sayfalar\u0131n\u0131n yaz\u0131c\u0131 \u00e7\u0131kt\u0131s\u0131n\u0131 ki\u015fisel kullan\u0131m\u0131n\u0131z i\u00e7in alabilirsiniz.<\/p>\n<p>2. \u2018\u2019www.lifeoxygen.com.tr\u2019\u2019 taraf\u0131ndan \u00fcretilmi\u015f olan herhangi bir i\u00e7eri\u011fin haber amac\u0131yla kullan\u0131lacak olmas\u0131 durumunda kaynak link \u2018\u2019www.lifeoxygen.com.tr\u2019\u2019 ana sayfas\u0131na y\u00f6nlendirilmelidir.<\/p>\n<p>3. \u2018\u2019www.lifeoxygen.com.tr\u2019\u2019 sitesinin vir\u00fcs ve benzeri k\u00f6t\u00fc ama\u00e7l\u0131 yaz\u0131l\u0131mlardan ar\u0131nd\u0131r\u0131lm\u0131\u015f olmas\u0131 i\u00e7in mevcut imkanlar dahilinde tedbir al\u0131nm\u0131\u015f olmakla birlikte, nihai g\u00fcvenli\u011fin sa\u011flanmas\u0131 i\u00e7in kullan\u0131c\u0131, kendi vir\u00fcs koruma sistemini tedarik etmek ve gerekli korumay\u0131 sa\u011flamakla y\u00fck\u00fcml\u00fcd\u00fcr. Bu \u00e7er\u00e7evede kullan\u0131c\u0131, \u2018\u2019www.lifeoxygen.com.tr\u2019\u2019 web sitesini kullanmas\u0131 nedeniyle, kendi yaz\u0131l\u0131m ve i\u015fletim sistemlerinde olu\u015fabilecek t\u00fcm hata ve bunlar\u0131n do\u011frudan ya da dolayl\u0131 sonu\u00e7lar\u0131ndan kendisinin sorumlu oldu\u011funu kabul eder.<\/p>\n<p>4. \u2018\u2019www.lifeoxygen.com.tr\u2019\u2019 sitesinde yer alan her t\u00fcrl\u00fc fiyat, bilgi, resim, a\u00e7\u0131klama ve haber; k\u0131saca \u201cbilgi\u201d sadece tan\u0131t\u0131m ve bilgilendirme ama\u00e7l\u0131d\u0131r. Kullan\u0131c\u0131 hi\u00e7bir \u015fekilde web sitesinde yer alan \u201cbilgi\u201d lerin hatal\u0131 oldu\u011fu ya da bu bilgilere istinaden zarara u\u011frad\u0131\u011f\u0131 iddias\u0131nda bulunamaz. Kullan\u0131c\u0131, bilgileri referans alarak bir i\u015flem yapmak niyetinde oldu\u011funda, nihai ve g\u00fcvenilir enformasyonu, \u2018\u2019www.lifeoxygen.com.tr\u2019\u2019 den temin etmekle y\u00fck\u00fcml\u00fc oldu\u011funu ve web sitesinde yay\u0131nlanan bilgilerin g\u00fcncel olmamas\u0131 nedeniyle \u2018\u2019www.lifeoxygen.com.tr\u2019\u2019 nin herhangi bir sorumlulu\u011fu olmad\u0131\u011f\u0131n\u0131 kabul eder.<\/p>\n<p>5. \u2018\u2019www.lifeoxygen.com.tr\u2019\u2019, kendi takdirinde olmak \u00fczere sitenin i\u00e7eri\u011fini diledi\u011fi zaman de\u011fi\u015ftirme, kullan\u0131c\u0131lara sa\u011flanan herhangi bir hizmeti de\u011fi\u015ftirme ya da sona erdirme ve uygulamalarda kay\u0131tl\u0131 kullan\u0131c\u0131 bilgi ve verilerini silme hakk\u0131n\u0131 sakl\u0131 tutar. \u2018\u2019www.lifeoxygen.com.tr\u2019\u2019 web sitesinin hatas\u0131z olmas\u0131 i\u00e7in her t\u00fcrl\u00fc tedbir alm\u0131\u015f olmakla birlikte, sitede mevcut ya da olu\u015fabilecek hatalar ile ilgili herhangi bir garanti verilmemektedir.<\/p>\n<p>6. Resmi makamlardan kullan\u0131c\u0131ya y\u00f6nelik bir su\u00e7 duyurusu ya da resmi soru\u015fturma talebi gelmesi ve\/veya kullan\u0131c\u0131n\u0131n \u2018\u2019www.lifeoxygen.com.tr\u2019\u2019 sistemlerinin \u00e7al\u0131\u015fmas\u0131na engel olacak ya da i\u015fleyi\u015fini de\u011fi\u015ftirecek herhangi bir elektronik sabotaj ve ya sald\u0131r\u0131 yapt\u0131\u011f\u0131n\u0131n tespit edilmesi halinde, \u2018\u2019www.lifeoxygen.com.tr\u2019\u2019, kullan\u0131c\u0131n\u0131n kimlik bilgilerini ara\u015ft\u0131rma ve yasal mercilere bildirimde bulunma hakk\u0131na sahiptir.<\/p>\n<p>7. \u2018\u2019www.lifeoxygen.com.tr\u2019\u2019, web sitesini ziyaret etti\u011finizde, do\u011frudan (istenilen bilgiyi vermeniz halinde) veya dolayl\u0131 olarak (\u00f6rn: ileti\u015fim\/bilgi formu giri\u015f kay\u0131tlar\u0131) sizinle ilgili ki\u015fisel bilgi toplayabilir.<\/p>\n<p>8. \u2018\u2019www.lifeoxygen.com.tr\u2019\u2019, isteyerek vermedi\u011finiz takdirde, hakk\u0131n\u0131zda ki\u015fiyi tan\u0131mlayan bilgiler toplamayacakt\u0131r (\u00f6rne\u011fin isim, adres, telefon numaras\u0131 ya da e-posta adresi) (\u201cki\u015fisel bilgi\u201d). E\u011fer \u2018\u2019www.lifeoxygen.com.tr\u2019\u2019 a ki\u015fisel bilgilerinizi verirseniz, \u2018\u2019www.lifeoxygen.com.tr\u2019\u2019 bu bilgileri gelecekte, pazarlama, pazar ara\u015ft\u0131rmas\u0131, sat\u0131\u015f bilgilerinin takibi ve size ula\u015fmak gibi ama\u00e7larla kullanmak \u00fczere saklayacakt\u0131r. Ayr\u0131ca, \u2018\u2019www.lifeoxygen.com.tr\u2019\u2019 bu bilgileri kendi<br \/>\nb\u00fcnyesinde yer alan di\u011fer \u015firket gruplar\u0131na ayn\u0131 ama\u00e7lar do\u011frultusunda aktarabilir. Sizden talep edilmeyen ki\u015fisel bilgileri bize verdi\u011finiz takdirde, bu bilgileri bu uygulamada belirtilen \u015fekilde kullanmam\u0131z\u0131 onaylam\u0131\u015f olmaktas\u0131n\u0131z.<\/p>\n<p>9. \u0130nternetin yap\u0131s\u0131 gere\u011fi bilgiler internet \u00fczerinde yeterli g\u00fcvenlik \u00f6nlemleri olmaks\u0131z\u0131n dola\u015fabilir ve yetkili olmayan ki\u015filer taraf\u0131ndan al\u0131n\u0131p kullan\u0131labilir. Bu kullan\u0131m ve kullan\u0131mdan do\u011facak zarar \u2018\u2019www.lifeoxygen.com.tr\u2019\u2019 nin sorumlulu\u011funda de\u011fildir.<\/p>\n<p>10. Baz\u0131 durumlarda, \u015fahs\u0131n\u0131za \u00f6zel olmayan bilgiler toplanabilir. Bu tip bilgilere \u00f6rnek olarak kulland\u0131\u011f\u0131n\u0131z internet taray\u0131c\u0131s\u0131n\u0131n t\u00fcr\u00fc, i\u015fletim sisteminiz, sitemize linkle ya da ilanla ula\u015ft\u0131\u011f\u0131n\u0131z sitenin domain ismi verilebilir.<\/p>\n<p>11. Uygulamay\u0131 ziyaret etti\u011finizde bilgisayar\u0131n\u0131za bilgi konulabilir. Bu bilgi, bilgi belirteci (\u201ccookie\/\u00e7erez\u201d) format\u0131nda ya da benzeri t\u00fcrden dosyada olacakt\u0131r ve bize birka\u00e7 y\u00f6nden yard\u0131mc\u0131 olacakt\u0131r. \u00d6rne\u011fin; cookie\u2019ler, uygulamay\u0131 ve reklamlar\u0131 sizin ilgi alanlar\u0131n\u0131za ve tercihlerinize g\u00f6re d\u00fczenlememizi sa\u011flayacakt\u0131r. Hemen hemen t\u00fcm internet taray\u0131c\u0131lar\u0131nda, cookie\u2019leri hard diskinizden silmek, yaz\u0131lmas\u0131n\u0131 \u00f6nlemek ya da kaydedilmeden \u00f6nce uyar\u0131 mesaj\u0131 almak i\u00e7in se\u00e7enekler vard\u0131r. Bu konuda daha fazla bilgi i\u00e7in l\u00fctfen taray\u0131c\u0131n\u0131z\u0131n yard\u0131m dosyalar\u0131na ve kullan\u0131m bilgilerine bak\u0131n\u0131z.<\/p>\n<p>12. Kullan\u0131c\u0131lar ile \u2018\u2019www.lifeoxygen.com.tr\u2019\u2019 aras\u0131nda ortaya \u00e7\u0131kabilecek ihtilaflarda, \u2018\u2019www.lifeoxygen.com.tr\u2019\u2019 elektronik kay\u0131tlar\u0131 delil olarak kabul edilecektir.<\/p>\n<p>13. \u2018\u2019www.lifeoxygen.com.tr\u2019\u2019 , \u201ckullan\u0131m \u015fartlar\u0131\u201dn\u0131n herhangi bir maddesini, bildirimde bulunmaks\u0131z\u0131n de\u011fi\u015ftirme, yenileme veya iptal hakk\u0131na sahiptir. De\u011fi\u015ftirilen, yenilenen ya da y\u00fcr\u00fcrl\u00fckten kald\u0131r\u0131lan her h\u00fck\u00fcm, yay\u0131n tarihinde t\u00fcm kullan\u0131c\u0131lar bak\u0131m\u0131ndan h\u00fck\u00fcm ifade edecektir.<\/p>\n<p>14. \u2018\u2019www.lifeoxygen.com.tr\u2019\u2019 web sitesi T\u00fcrkiye kanunlar\u0131na uygun olarak yay\u0131nlanm\u0131\u015ft\u0131r. Her t\u00fcrl\u00fc ihtilaf\u0131n \u00e7\u00f6z\u00fcm\u00fcnde T\u00fcrkiye kanunlar\u0131 uygulanacakt\u0131r ve \u0130stanbul Anadolu Adliyesi mahkemeleri yetkili olacakt\u0131r.<\/p>\n<p>15. Sitede yer alan ileti\u015fim formu, bilgi formu datalar\u0131 kay\u0131t alt\u0131nda tutulmaktad\u0131r. Kay\u0131tlar yaln\u0131zca \u2018\u2019www.lifeoxygen.com.tr\u2019\u2019 taraf\u0131ndan hukuki kan\u0131t olarak kullan\u0131labilir. \u2018\u2019www.lifeoxygen.com.tr\u2019\u2019 taraf\u0131ndan iletilen bilgilerin ba\u011flay\u0131c\u0131 niteli\u011fi yoktur<\/div><\/div>\n","protected":false},"excerpt":{"rendered":"<p>A\u015fa\u011f\u0131da yer alan \u201cKullan\u0131m \u015eartlar\u0131\u201d, \u2018\u2019www.lifeoxygen.com.tr\u2019\u2019, siz de\u011ferli kullan\u0131c\u0131lar\u0131m\u0131za sa\u011flad\u0131\u011f\u0131 bilgi ve hizmetlerin sa\u011flanmas\u0131na ili\u015fkin h\u00fck\u00fcmleri d\u00fczenlemektedir. \u2018\u2019www.lifeoxygen.com.tr\u2019\u2019web sitesi (www.lifeoxygen.com.tr) ziyaret eden ve herhangi bir ama\u00e7la bilgi\/ileti\u015fim formlar\u0131n\u0131 dolduran her kullan\u0131c\u0131 Kullan\u0131m \u015eartlar\u0131\u2019nda yer alan h\u00fck\u00fcmleri okumu\u015f ve kabul etmi\u015f say\u0131lacakt\u0131r. S\u00f6zle\u015fme Ko\u015fullar\u0131 1. Sitede yer alan t\u00fcm i\u00e7erik ve d\u00f6k\u00fcmanlar \u2018\u2019www.lifeoxygen.com.tr\u2019\u2019 un m\u00fclkiyetindedir. Bu&#8230;<\/p>\n","protected":false},"author":1,"featured_media":0,"parent":0,"menu_order":0,"comment_status":"closed","ping_status":"closed","template":"","meta":[],"yoast_head":"<!-- This site is optimized with the Yoast SEO plugin v18.4.1 - https:\/\/yoast.com\/wordpress\/plugins\/seo\/ -->\n<title>Gizlilik S\u00f6zle\u015fmesi - Ac\u0131badem Personal Trainer<\/title>\n<meta name=\"robots\" content=\"index, follow, max-snippet:-1, max-image-preview:large, max-video-preview:-1\" \/>\n<link rel=\"canonical\" href=\"https:\/\/projects.fikirbuzzprojects.com\/lifeoxygen\/gizlilik-sozlesmesi\/\" \/>\n<meta property=\"og:locale\" content=\"tr_TR\" \/>\n<meta property=\"og:type\" content=\"article\" \/>\n<meta property=\"og:title\" content=\"Gizlilik S\u00f6zle\u015fmesi - Ac\u0131badem Personal Trainer\" \/>\n<meta property=\"og:description\" content=\"A\u015fa\u011f\u0131da yer alan \u201cKullan\u0131m \u015eartlar\u0131\u201d, \u2018\u2019www.lifeoxygen.com.tr\u2019\u2019, siz de\u011ferli kullan\u0131c\u0131lar\u0131m\u0131za sa\u011flad\u0131\u011f\u0131 bilgi ve hizmetlerin sa\u011flanmas\u0131na ili\u015fkin h\u00fck\u00fcmleri d\u00fczenlemektedir. \u2018\u2019www.lifeoxygen.com.tr\u2019\u2019web sitesi (www.lifeoxygen.com.tr) ziyaret eden ve herhangi bir ama\u00e7la bilgi\/ileti\u015fim formlar\u0131n\u0131 dolduran her kullan\u0131c\u0131 Kullan\u0131m \u015eartlar\u0131\u2019nda yer alan h\u00fck\u00fcmleri okumu\u015f ve kabul etmi\u015f say\u0131lacakt\u0131r. S\u00f6zle\u015fme Ko\u015fullar\u0131 1. Sitede yer alan t\u00fcm i\u00e7erik ve d\u00f6k\u00fcmanlar \u2018\u2019www.lifeoxygen.com.tr\u2019\u2019 un m\u00fclkiyetindedir. Bu...\" \/>\n<meta property=\"og:url\" content=\"https:\/\/projects.fikirbuzzprojects.com\/lifeoxygen\/gizlilik-sozlesmesi\/\" \/>\n<meta property=\"og:site_name\" content=\"Ac\u0131badem Personal Trainer\" \/>\n<meta property=\"article:modified_time\" content=\"2019-11-19T12:03:46+00:00\" \/>\n<meta name=\"twitter:card\" content=\"summary_large_image\" \/>\n<meta name=\"twitter:label1\" content=\"Tahmini okuma s\u00fcresi\" \/>\n\t<meta name=\"twitter:data1\" content=\"6 dakika\" \/>\n<script type=\"application\/ld+json\" class=\"yoast-schema-graph\">{\"@context\":\"https:\/\/schema.org\",\"@graph\":[{\"@type\":\"Organization\",\"@id\":\"https:\/\/projects.fikirbuzzprojects.com\/lifeoxygen\/#organization\",\"name\":\"Life Oxygen\",\"url\":\"https:\/\/projects.fikirbuzzprojects.com\/lifeoxygen\/\",\"sameAs\":[],\"logo\":{\"@type\":\"ImageObject\",\"@id\":\"https:\/\/projects.fikirbuzzprojects.com\/lifeoxygen\/#logo\",\"inLanguage\":\"tr\",\"url\":\"https:\/\/projects.fikirbuzzprojects.com\/lifeoxygen\/wp-content\/uploads\/2019\/11\/lifeoxygen-beyaz-logo.png\",\"contentUrl\":\"https:\/\/projects.fikirbuzzprojects.com\/lifeoxygen\/wp-content\/uploads\/2019\/11\/lifeoxygen-beyaz-logo.png\",\"width\":400,\"height\":124,\"caption\":\"Life Oxygen\"},\"image\":{\"@id\":\"https:\/\/projects.fikirbuzzprojects.com\/lifeoxygen\/#logo\"}},{\"@type\":\"WebSite\",\"@id\":\"https:\/\/projects.fikirbuzzprojects.com\/lifeoxygen\/#website\",\"url\":\"https:\/\/projects.fikirbuzzprojects.com\/lifeoxygen\/\",\"name\":\"Ac\u0131badem Personal Trainer\",\"description\":\"\",\"publisher\":{\"@id\":\"https:\/\/projects.fikirbuzzprojects.com\/lifeoxygen\/#organization\"},\"potentialAction\":[{\"@type\":\"SearchAction\",\"target\":{\"@type\":\"EntryPoint\",\"urlTemplate\":\"https:\/\/projects.fikirbuzzprojects.com\/lifeoxygen\/?s={search_term_string}\"},\"query-input\":\"required name=search_term_string\"}],\"inLanguage\":\"tr\"},{\"@type\":\"WebPage\",\"@id\":\"https:\/\/projects.fikirbuzzprojects.com\/lifeoxygen\/gizlilik-sozlesmesi\/#webpage\",\"url\":\"https:\/\/projects.fikirbuzzprojects.com\/lifeoxygen\/gizlilik-sozlesmesi\/\",\"name\":\"Gizlilik S\u00f6zle\u015fmesi - Ac\u0131badem Personal Trainer\",\"isPartOf\":{\"@id\":\"https:\/\/projects.fikirbuzzprojects.com\/lifeoxygen\/#website\"},\"datePublished\":\"2019-11-19T12:03:40+00:00\",\"dateModified\":\"2019-11-19T12:03:46+00:00\",\"breadcrumb\":{\"@id\":\"https:\/\/projects.fikirbuzzprojects.com\/lifeoxygen\/gizlilik-sozlesmesi\/#breadcrumb\"},\"inLanguage\":\"tr\",\"potentialAction\":[{\"@type\":\"ReadAction\",\"target\":[\"https:\/\/projects.fikirbuzzprojects.com\/lifeoxygen\/gizlilik-sozlesmesi\/\"]}]},{\"@type\":\"BreadcrumbList\",\"@id\":\"https:\/\/projects.fikirbuzzprojects.com\/lifeoxygen\/gizlilik-sozlesmesi\/#breadcrumb\",\"itemListElement\":[{\"@type\":\"ListItem\",\"position\":1,\"name\":\"Anasayfa\",\"item\":\"https:\/\/projects.fikirbuzzprojects.com\/lifeoxygen\/\"},{\"@type\":\"ListItem\",\"position\":2,\"name\":\"Gizlilik S\u00f6zle\u015fmesi\"}]}]}<\/script>\n<!-- \/ Yoast SEO plugin. -->","yoast_head_json":{"title":"Gizlilik S\u00f6zle\u015fmesi - Ac\u0131badem Personal Trainer","robots":{"index":"index","follow":"follow","max-snippet":"max-snippet:-1","max-image-preview":"max-image-preview:large","max-video-preview":"max-video-preview:-1"},"canonical":"https:\/\/projects.fikirbuzzprojects.com\/lifeoxygen\/gizlilik-sozlesmesi\/","og_locale":"tr_TR","og_type":"article","og_title":"Gizlilik S\u00f6zle\u015fmesi - Ac\u0131badem Personal Trainer","og_description":"A\u015fa\u011f\u0131da yer alan \u201cKullan\u0131m \u015eartlar\u0131\u201d, \u2018\u2019www.lifeoxygen.com.tr\u2019\u2019, siz de\u011ferli kullan\u0131c\u0131lar\u0131m\u0131za sa\u011flad\u0131\u011f\u0131 bilgi ve hizmetlerin sa\u011flanmas\u0131na ili\u015fkin h\u00fck\u00fcmleri d\u00fczenlemektedir. \u2018\u2019www.lifeoxygen.com.tr\u2019\u2019web sitesi (www.lifeoxygen.com.tr) ziyaret eden ve herhangi bir ama\u00e7la bilgi\/ileti\u015fim formlar\u0131n\u0131 dolduran her kullan\u0131c\u0131 Kullan\u0131m \u015eartlar\u0131\u2019nda yer alan h\u00fck\u00fcmleri okumu\u015f ve kabul etmi\u015f say\u0131lacakt\u0131r. S\u00f6zle\u015fme Ko\u015fullar\u0131 1. Sitede yer alan t\u00fcm i\u00e7erik ve d\u00f6k\u00fcmanlar \u2018\u2019www.lifeoxygen.com.tr\u2019\u2019 un m\u00fclkiyetindedir. Bu...","og_url":"https:\/\/projects.fikirbuzzprojects.com\/lifeoxygen\/gizlilik-sozlesmesi\/","og_site_name":"Ac\u0131badem Personal Trainer","article_modified_time":"2019-11-19T12:03:46+00:00","twitter_card":"summary_large_image","twitter_misc":{"Tahmini okuma s\u00fcresi":"6 dakika"},"schema":{"@context":"https:\/\/schema.org","@graph":[{"@type":"Organization","@id":"https:\/\/projects.fikirbuzzprojects.com\/lifeoxygen\/#organization","name":"Life Oxygen","url":"https:\/\/projects.fikirbuzzprojects.com\/lifeoxygen\/","sameAs":[],"logo":{"@type":"ImageObject","@id":"https:\/\/projects.fikirbuzzprojects.com\/lifeoxygen\/#logo","inLanguage":"tr","url":"https:\/\/projects.fikirbuzzprojects.com\/lifeoxygen\/wp-content\/uploads\/2019\/11\/lifeoxygen-beyaz-logo.png","contentUrl":"https:\/\/projects.fikirbuzzprojects.com\/lifeoxygen\/wp-content\/uploads\/2019\/11\/lifeoxygen-beyaz-logo.png","width":400,"height":124,"caption":"Life Oxygen"},"image":{"@id":"https:\/\/projects.fikirbuzzprojects.com\/lifeoxygen\/#logo"}},{"@type":"WebSite","@id":"https:\/\/projects.fikirbuzzprojects.com\/lifeoxygen\/#website","url":"https:\/\/projects.fikirbuzzprojects.com\/lifeoxygen\/","name":"Ac\u0131badem Personal Trainer","description":"","publisher":{"@id":"https:\/\/projects.fikirbuzzprojects.com\/lifeoxygen\/#organization"},"potentialAction":[{"@type":"SearchAction","target":{"@type":"EntryPoint","urlTemplate":"https:\/\/projects.fikirbuzzprojects.com\/lifeoxygen\/?s={search_term_string}"},"query-input":"required name=search_term_string"}],"inLanguage":"tr"},{"@type":"WebPage","@id":"https:\/\/projects.fikirbuzzprojects.com\/lifeoxygen\/gizlilik-sozlesmesi\/#webpage","url":"https:\/\/projects.fikirbuzzprojects.com\/lifeoxygen\/gizlilik-sozlesmesi\/","name":"Gizlilik S\u00f6zle\u015fmesi - Ac\u0131badem Personal Trainer","isPartOf":{"@id":"https:\/\/projects.fikirbuzzprojects.com\/lifeoxygen\/#website"},"datePublished":"2019-11-19T12:03:40+00:00","dateModified":"2019-11-19T12:03:46+00:00","breadcrumb":{"@id":"https:\/\/projects.fikirbuzzprojects.com\/lifeoxygen\/gizlilik-sozlesmesi\/#breadcrumb"},"inLanguage":"tr","potentialAction":[{"@type":"ReadAction","target":["https:\/\/projects.fikirbuzzprojects.com\/lifeoxygen\/gizlilik-sozlesmesi\/"]}]},{"@type":"BreadcrumbList","@id":"https:\/\/projects.fikirbuzzprojects.com\/lifeoxygen\/gizlilik-sozlesmesi\/#breadcrumb","itemListElement":[{"@type":"ListItem","position":1,"name":"Anasayfa","item":"https:\/\/projects.fikirbuzzprojects.com\/lifeoxygen\/"},{"@type":"ListItem","position":2,"name":"Gizlilik S\u00f6zle\u015fmesi"}]}]}},"_links":{"self":[{"href":"https:\/\/projects.fikirbuzzprojects.com\/lifeoxygen\/wp-json\/wp\/v2\/pages\/9733"}],"collection":[{"href":"https:\/\/projects.fikirbuzzprojects.com\/lifeoxygen\/wp-json\/wp\/v2\/pages"}],"about":[{"href":"https:\/\/projects.fikirbuzzprojects.com\/lifeoxygen\/wp-json\/wp\/v2\/types\/page"}],"author":[{"embeddable":true,"href":"https:\/\/projects.fikirbuzzprojects.com\/lifeoxygen\/wp-json\/wp\/v2\/users\/1"}],"replies":[{"embeddable":true,"href":"https:\/\/projects.fikirbuzzprojects.com\/lifeoxygen\/wp-json\/wp\/v2\/comments?post=9733"}],"version-history":[{"count":1,"href":"https:\/\/projects.fikirbuzzprojects.com\/lifeoxygen\/wp-json\/wp\/v2\/pages\/9733\/revisions"}],"predecessor-version":[{"id":9734,"href":"https:\/\/projects.fikirbuzzprojects.com\/lifeoxygen\/wp-json\/wp\/v2\/pages\/9733\/revisions\/9734"}],"wp:attachment":[{"href":"https:\/\/projects.fikirbuzzprojects.com\/lifeoxygen\/wp-json\/wp\/v2\/media?parent=9733"}],"curies":[{"name":"wp","href":"https:\/\/api.w.org\/{rel}","templated":true}]}}