{"id":7778,"date":"2014-04-23T10:38:38","date_gmt":"2014-04-23T10:38:38","guid":{"rendered":"https:\/\/fitness-wellness.vamtam.com\/?page_id=7778"},"modified":"2022-04-04T14:37:08","modified_gmt":"2022-04-04T14:37:08","slug":"hakkimizda","status":"publish","type":"page","link":"https:\/\/projects.fikirbuzzprojects.com\/lifeoxygen\/hakkimizda\/","title":{"rendered":"Hakk\u0131m\u0131zda"},"content":{"rendered":"\t\t<h2 class=\"text-divider-double\">\t\t\t\n<span class='icon shortcode theme ' style='font-size:35px !important;color:#d30a0a;'>&#57535;<\/span> <div class=\"push\" style='height:15px'><\/div>\nLIFEOXYGEN Exclusive Training and More&#8230;\t\t<\/h2>\t\t<div class=\"sep\"><\/div>\t\n<h3 style=\"text-align: center;\"><strong>LIFEOXYGEN, \u0130stanbul Ac\u0131badem\u2019de hizmet veren, \u00f6zel tasar\u0131m\u0131, konforu ve sundu\u011fu premium ayr\u0131cal\u0131klar\u0131 ile sadece bedene de\u011fil, zihne ve ruha hitap eden, Fitness, Functional Training, Circular Training, CrossFit, Pilates(Reformer), Pilates Moving e\u011fitimlerini b\u00fcnyesinde bar\u0131nd\u0131ran, bulundu\u011fu b\u00f6lgenin en prestijli sa\u011fl\u0131kl\u0131 ya\u015fam merkezidir.<\/strong><\/h3>\n<div class=\"push\" style='height:60px'><\/div>\n","protected":false},"excerpt":{"rendered":"<p>LIFEOXYGEN, \u0130stanbul Ac\u0131badem\u2019de hizmet veren, \u00f6zel tasar\u0131m\u0131, konforu ve sundu\u011fu premium ayr\u0131cal\u0131klar\u0131 ile sadece bedene de\u011fil, zihne ve ruha hitap eden, Fitness, Functional Training, Circular Training, CrossFit, Pilates(Reformer), Pilates Moving e\u011fitimlerini b\u00fcnyesinde bar\u0131nd\u0131ran, bulundu\u011fu b\u00f6lgenin en prestijli sa\u011fl\u0131kl\u0131 ya\u015fam merkezidir.<\/p>\n","protected":false},"author":1,"featured_media":0,"parent":0,"menu_order":0,"comment_status":"closed","ping_status":"closed","template":"","meta":[],"yoast_head":"<!-- This site is optimized with the Yoast SEO plugin v18.4.1 - https:\/\/yoast.com\/wordpress\/plugins\/seo\/ -->\n<title>Hakk\u0131m\u0131zda - Ac\u0131badem Personal Trainer<\/title>\n<meta name=\"robots\" content=\"index, follow, max-snippet:-1, max-image-preview:large, max-video-preview:-1\" \/>\n<link rel=\"canonical\" href=\"https:\/\/projects.fikirbuzzprojects.com\/lifeoxygen\/hakkimizda\/\" \/>\n<meta property=\"og:locale\" content=\"tr_TR\" \/>\n<meta property=\"og:type\" content=\"article\" \/>\n<meta property=\"og:title\" content=\"Hakk\u0131m\u0131zda - Ac\u0131badem Personal Trainer\" \/>\n<meta property=\"og:description\" content=\"LIFEOXYGEN, \u0130stanbul Ac\u0131badem\u2019de hizmet veren, \u00f6zel tasar\u0131m\u0131, konforu ve sundu\u011fu premium ayr\u0131cal\u0131klar\u0131 ile sadece bedene de\u011fil, zihne ve ruha hitap eden, Fitness, Functional Training, Circular Training, CrossFit, Pilates(Reformer), Pilates Moving e\u011fitimlerini b\u00fcnyesinde bar\u0131nd\u0131ran, bulundu\u011fu b\u00f6lgenin en prestijli sa\u011fl\u0131kl\u0131 ya\u015fam merkezidir.\" \/>\n<meta property=\"og:url\" content=\"https:\/\/projects.fikirbuzzprojects.com\/lifeoxygen\/hakkimizda\/\" \/>\n<meta property=\"og:site_name\" content=\"Ac\u0131badem Personal Trainer\" \/>\n<meta property=\"article:modified_time\" content=\"2022-04-04T14:37:08+00:00\" \/>\n<meta name=\"twitter:card\" content=\"summary_large_image\" \/>\n<script type=\"application\/ld+json\" class=\"yoast-schema-graph\">{\"@context\":\"https:\/\/schema.org\",\"@graph\":[{\"@type\":\"Organization\",\"@id\":\"https:\/\/projects.fikirbuzzprojects.com\/lifeoxygen\/#organization\",\"name\":\"Life Oxygen\",\"url\":\"https:\/\/projects.fikirbuzzprojects.com\/lifeoxygen\/\",\"sameAs\":[],\"logo\":{\"@type\":\"ImageObject\",\"@id\":\"https:\/\/projects.fikirbuzzprojects.com\/lifeoxygen\/#logo\",\"inLanguage\":\"tr\",\"url\":\"https:\/\/projects.fikirbuzzprojects.com\/lifeoxygen\/wp-content\/uploads\/2019\/11\/lifeoxygen-beyaz-logo.png\",\"contentUrl\":\"https:\/\/projects.fikirbuzzprojects.com\/lifeoxygen\/wp-content\/uploads\/2019\/11\/lifeoxygen-beyaz-logo.png\",\"width\":400,\"height\":124,\"caption\":\"Life Oxygen\"},\"image\":{\"@id\":\"https:\/\/projects.fikirbuzzprojects.com\/lifeoxygen\/#logo\"}},{\"@type\":\"WebSite\",\"@id\":\"https:\/\/projects.fikirbuzzprojects.com\/lifeoxygen\/#website\",\"url\":\"https:\/\/projects.fikirbuzzprojects.com\/lifeoxygen\/\",\"name\":\"Ac\u0131badem Personal Trainer\",\"description\":\"\",\"publisher\":{\"@id\":\"https:\/\/projects.fikirbuzzprojects.com\/lifeoxygen\/#organization\"},\"potentialAction\":[{\"@type\":\"SearchAction\",\"target\":{\"@type\":\"EntryPoint\",\"urlTemplate\":\"https:\/\/projects.fikirbuzzprojects.com\/lifeoxygen\/?s={search_term_string}\"},\"query-input\":\"required name=search_term_string\"}],\"inLanguage\":\"tr\"},{\"@type\":\"WebPage\",\"@id\":\"https:\/\/projects.fikirbuzzprojects.com\/lifeoxygen\/hakkimizda\/#webpage\",\"url\":\"https:\/\/projects.fikirbuzzprojects.com\/lifeoxygen\/hakkimizda\/\",\"name\":\"Hakk\u0131m\u0131zda - Ac\u0131badem Personal Trainer\",\"isPartOf\":{\"@id\":\"https:\/\/projects.fikirbuzzprojects.com\/lifeoxygen\/#website\"},\"datePublished\":\"2014-04-23T10:38:38+00:00\",\"dateModified\":\"2022-04-04T14:37:08+00:00\",\"breadcrumb\":{\"@id\":\"https:\/\/projects.fikirbuzzprojects.com\/lifeoxygen\/hakkimizda\/#breadcrumb\"},\"inLanguage\":\"tr\",\"potentialAction\":[{\"@type\":\"ReadAction\",\"target\":[\"https:\/\/projects.fikirbuzzprojects.com\/lifeoxygen\/hakkimizda\/\"]}]},{\"@type\":\"BreadcrumbList\",\"@id\":\"https:\/\/projects.fikirbuzzprojects.com\/lifeoxygen\/hakkimizda\/#breadcrumb\",\"itemListElement\":[{\"@type\":\"ListItem\",\"position\":1,\"name\":\"Anasayfa\",\"item\":\"https:\/\/projects.fikirbuzzprojects.com\/lifeoxygen\/\"},{\"@type\":\"ListItem\",\"position\":2,\"name\":\"Hakk\u0131m\u0131zda\"}]}]}<\/script>\n<!-- \/ Yoast SEO plugin. -->","yoast_head_json":{"title":"Hakk\u0131m\u0131zda - Ac\u0131badem Personal Trainer","robots":{"index":"index","follow":"follow","max-snippet":"max-snippet:-1","max-image-preview":"max-image-preview:large","max-video-preview":"max-video-preview:-1"},"canonical":"https:\/\/projects.fikirbuzzprojects.com\/lifeoxygen\/hakkimizda\/","og_locale":"tr_TR","og_type":"article","og_title":"Hakk\u0131m\u0131zda - Ac\u0131badem Personal Trainer","og_description":"LIFEOXYGEN, \u0130stanbul Ac\u0131badem\u2019de hizmet veren, \u00f6zel tasar\u0131m\u0131, konforu ve sundu\u011fu premium ayr\u0131cal\u0131klar\u0131 ile sadece bedene de\u011fil, zihne ve ruha hitap eden, Fitness, Functional Training, Circular Training, CrossFit, Pilates(Reformer), Pilates Moving e\u011fitimlerini b\u00fcnyesinde bar\u0131nd\u0131ran, bulundu\u011fu b\u00f6lgenin en prestijli sa\u011fl\u0131kl\u0131 ya\u015fam merkezidir.","og_url":"https:\/\/projects.fikirbuzzprojects.com\/lifeoxygen\/hakkimizda\/","og_site_name":"Ac\u0131badem Personal Trainer","article_modified_time":"2022-04-04T14:37:08+00:00","twitter_card":"summary_large_image","schema":{"@context":"https:\/\/schema.org","@graph":[{"@type":"Organization","@id":"https:\/\/projects.fikirbuzzprojects.com\/lifeoxygen\/#organization","name":"Life Oxygen","url":"https:\/\/projects.fikirbuzzprojects.com\/lifeoxygen\/","sameAs":[],"logo":{"@type":"ImageObject","@id":"https:\/\/projects.fikirbuzzprojects.com\/lifeoxygen\/#logo","inLanguage":"tr","url":"https:\/\/projects.fikirbuzzprojects.com\/lifeoxygen\/wp-content\/uploads\/2019\/11\/lifeoxygen-beyaz-logo.png","contentUrl":"https:\/\/projects.fikirbuzzprojects.com\/lifeoxygen\/wp-content\/uploads\/2019\/11\/lifeoxygen-beyaz-logo.png","width":400,"height":124,"caption":"Life Oxygen"},"image":{"@id":"https:\/\/projects.fikirbuzzprojects.com\/lifeoxygen\/#logo"}},{"@type":"WebSite","@id":"https:\/\/projects.fikirbuzzprojects.com\/lifeoxygen\/#website","url":"https:\/\/projects.fikirbuzzprojects.com\/lifeoxygen\/","name":"Ac\u0131badem Personal Trainer","description":"","publisher":{"@id":"https:\/\/projects.fikirbuzzprojects.com\/lifeoxygen\/#organization"},"potentialAction":[{"@type":"SearchAction","target":{"@type":"EntryPoint","urlTemplate":"https:\/\/projects.fikirbuzzprojects.com\/lifeoxygen\/?s={search_term_string}"},"query-input":"required name=search_term_string"}],"inLanguage":"tr"},{"@type":"WebPage","@id":"https:\/\/projects.fikirbuzzprojects.com\/lifeoxygen\/hakkimizda\/#webpage","url":"https:\/\/projects.fikirbuzzprojects.com\/lifeoxygen\/hakkimizda\/","name":"Hakk\u0131m\u0131zda - Ac\u0131badem Personal Trainer","isPartOf":{"@id":"https:\/\/projects.fikirbuzzprojects.com\/lifeoxygen\/#website"},"datePublished":"2014-04-23T10:38:38+00:00","dateModified":"2022-04-04T14:37:08+00:00","breadcrumb":{"@id":"https:\/\/projects.fikirbuzzprojects.com\/lifeoxygen\/hakkimizda\/#breadcrumb"},"inLanguage":"tr","potentialAction":[{"@type":"ReadAction","target":["https:\/\/projects.fikirbuzzprojects.com\/lifeoxygen\/hakkimizda\/"]}]},{"@type":"BreadcrumbList","@id":"https:\/\/projects.fikirbuzzprojects.com\/lifeoxygen\/hakkimizda\/#breadcrumb","itemListElement":[{"@type":"ListItem","position":1,"name":"Anasayfa","item":"https:\/\/projects.fikirbuzzprojects.com\/lifeoxygen\/"},{"@type":"ListItem","position":2,"name":"Hakk\u0131m\u0131zda"}]}]}},"_links":{"self":[{"href":"https:\/\/projects.fikirbuzzprojects.com\/lifeoxygen\/wp-json\/wp\/v2\/pages\/7778"}],"collection":[{"href":"https:\/\/projects.fikirbuzzprojects.com\/lifeoxygen\/wp-json\/wp\/v2\/pages"}],"about":[{"href":"https:\/\/projects.fikirbuzzprojects.com\/lifeoxygen\/wp-json\/wp\/v2\/types\/page"}],"author":[{"embeddable":true,"href":"https:\/\/projects.fikirbuzzprojects.com\/lifeoxygen\/wp-json\/wp\/v2\/users\/1"}],"replies":[{"embeddable":true,"href":"https:\/\/projects.fikirbuzzprojects.com\/lifeoxygen\/wp-json\/wp\/v2\/comments?post=7778"}],"version-history":[{"count":29,"href":"https:\/\/projects.fikirbuzzprojects.com\/lifeoxygen\/wp-json\/wp\/v2\/pages\/7778\/revisions"}],"predecessor-version":[{"id":10283,"href":"https:\/\/projects.fikirbuzzprojects.com\/lifeoxygen\/wp-json\/wp\/v2\/pages\/7778\/revisions\/10283"}],"wp:attachment":[{"href":"https:\/\/projects.fikirbuzzprojects.com\/lifeoxygen\/wp-json\/wp\/v2\/media?parent=7778"}],"curies":[{"name":"wp","href":"https:\/\/api.w.org\/{rel}","templated":true}]}}