{"id":10187,"date":"2022-03-28T14:16:50","date_gmt":"2022-03-28T14:16:50","guid":{"rendered":"https:\/\/projects.fikirbuzzprojects.com\/lifeoxygen\/?page_id=10187"},"modified":"2022-04-04T13:28:51","modified_gmt":"2022-04-04T13:28:51","slug":"blog","status":"publish","type":"page","link":"https:\/\/projects.fikirbuzzprojects.com\/lifeoxygen\/blog\/","title":{"rendered":"Blog"},"content":{"rendered":"<div class=\"row \"><div class=\"wpv-grid grid-1-1  wpv-first-level first unextended\" style=\"padding-top:0px;padding-bottom:0px\" id=\"wpv-column-b0ccf181cd6ca4309df0d29c6bfe9f0c\" ><div class=\"loop-wrapper clearfix news row masonry paginated vamtam-cubeportfolio cbp\" data-columns=\"4\"  data-options=\"{&quot;layoutMode&quot;:&quot;mosaic&quot;,&quot;sortToPreventGaps&quot;:true,&quot;defaultFilter&quot;:&quot;*&quot;,&quot;animationType&quot;:&quot;quicksand&quot;,&quot;gapHorizontal&quot;:0,&quot;gapVertical&quot;:30,&quot;gridAdjustment&quot;:&quot;responsive&quot;,&quot;mediaQueries&quot;:[{&quot;width&quot;:1260,&quot;cols&quot;:4},{&quot;width&quot;:937.5,&quot;cols&quot;:3},{&quot;width&quot;:615,&quot;cols&quot;:2},{&quot;width&quot;:292.5,&quot;cols&quot;:1}],&quot;displayType&quot;:&quot;bottomToTop&quot;,&quot;displayTypeSpeed&quot;:100}\">\n\t\t<div class=\"page-content post-header grid-1-4 clearboth list-item cbp-item post-10330 post type-post status-publish format-standard has-post-thumbnail hentry category-fitness\" >\n\t\t\t<div>\n\t\t\t\t<div class=\"post-article has-image-wrapper \">\n\t<div class=\"standard-post-format clearfix as-image \">\n\t\t\t<div class=\"thumbnail\">\n\t\t\t\t\t<a href=\"https:\/\/projects.fikirbuzzprojects.com\/lifeoxygen\/personal-trainer-faydalari\/\" title=\"Personal Trainer Faydalar\u0131\">\n\t\t\t\t<img width=\"292\" height=\"195\" src=\"https:\/\/projects.fikirbuzzprojects.com\/lifeoxygen\/wp-content\/uploads\/2022\/04\/personal-trainer-faydalari-292x195.jpg\" class=\"attachment-portfolio-masonry-4 size-portfolio-masonry-4 wp-post-image\" alt=\"personal-trainer-faydalari\" loading=\"lazy\" srcset=\"https:\/\/projects.fikirbuzzprojects.com\/lifeoxygen\/wp-content\/uploads\/2022\/04\/personal-trainer-faydalari-292x195.jpg 292w, https:\/\/projects.fikirbuzzprojects.com\/lifeoxygen\/wp-content\/uploads\/2022\/04\/personal-trainer-faydalari-300x200.jpg 300w, https:\/\/projects.fikirbuzzprojects.com\/lifeoxygen\/wp-content\/uploads\/2022\/04\/personal-trainer-faydalari-768x512.jpg 768w, https:\/\/projects.fikirbuzzprojects.com\/lifeoxygen\/wp-content\/uploads\/2022\/04\/personal-trainer-faydalari-615x410.jpg 615w, https:\/\/projects.fikirbuzzprojects.com\/lifeoxygen\/wp-content\/uploads\/2022\/04\/personal-trainer-faydalari-400x266.jpg 400w, https:\/\/projects.fikirbuzzprojects.com\/lifeoxygen\/wp-content\/uploads\/2022\/04\/personal-trainer-faydalari.jpg 1000w\" sizes=\"(min-width: 900px) 50vw, 100vw\" \/>\t\t\t\t<span class='icon shortcode theme ' style=''>&#58897;<\/span>\t\t\t<\/a>\n\t\t\t<\/div>\n\n\t<div class=\"post-content-wrapper\">\n\t\t<div class=\"post-actions-wrapper clearfix\">\n\t\t\t<div class=\"post-date\">\n\t\t\t\tNisan 20, 2022\t\t\t<\/div>\n\t\t\t\t\t\t\t\n\t\t\t\t\t\t\t\t\t<\/div>\n\n\t\t\t\t<header class=\"single\">\n\t\t\t<div class=\"content\">\n\t\t\t\t<h4>\n\t\t\t\t\t<a href=\"https:\/\/projects.fikirbuzzprojects.com\/lifeoxygen\/personal-trainer-faydalari\/\" title=\"Personal Trainer Faydalar\u0131\" class=\"entry-title\">Personal Trainer Faydalar\u0131<\/a>\n\t\t\t\t<\/h4>\n\t\t\t<\/div>\n\t\t<\/header>\n\t\n\t\t<div class=\"post-content-outer\">\n\t\t\t<p>Personal Training; ki\u015fiye \u00f6zel antrenman anlam\u0131na gelmektedir. Personal Trainer&#8217;lar sertifikal\u0131 ve alan\u0131nda e\u011fitim alm\u0131\u015f ki\u015filerdir&#8230;.<\/p>\n\t\t<\/div>\n\n\t\t\t<\/div>\n\t<\/div>\n<\/div>\n\t\t\t<\/div>\n\t\t<\/div>\n\t\t<div class=\"page-content post-header grid-1-4 list-item cbp-item post-10253 post type-post status-publish format-standard has-post-thumbnail hentry category-fitness\" >\n\t\t\t<div>\n\t\t\t\t<div class=\"post-article has-image-wrapper \">\n\t<div class=\"standard-post-format clearfix as-image \">\n\t\t\t<div class=\"thumbnail\">\n\t\t\t\t\t<a href=\"https:\/\/projects.fikirbuzzprojects.com\/lifeoxygen\/circular-training\/\" title=\"Circular Training Nedir?\">\n\t\t\t\t<img width=\"292\" height=\"195\" src=\"https:\/\/projects.fikirbuzzprojects.com\/lifeoxygen\/wp-content\/uploads\/2022\/04\/circular-training-292x195.jpg\" class=\"attachment-portfolio-masonry-4 size-portfolio-masonry-4 wp-post-image\" alt=\"circular-training\" loading=\"lazy\" srcset=\"https:\/\/projects.fikirbuzzprojects.com\/lifeoxygen\/wp-content\/uploads\/2022\/04\/circular-training-292x195.jpg 292w, https:\/\/projects.fikirbuzzprojects.com\/lifeoxygen\/wp-content\/uploads\/2022\/04\/circular-training-300x200.jpg 300w, https:\/\/projects.fikirbuzzprojects.com\/lifeoxygen\/wp-content\/uploads\/2022\/04\/circular-training-768x512.jpg 768w, https:\/\/projects.fikirbuzzprojects.com\/lifeoxygen\/wp-content\/uploads\/2022\/04\/circular-training-615x410.jpg 615w, https:\/\/projects.fikirbuzzprojects.com\/lifeoxygen\/wp-content\/uploads\/2022\/04\/circular-training-400x266.jpg 400w, https:\/\/projects.fikirbuzzprojects.com\/lifeoxygen\/wp-content\/uploads\/2022\/04\/circular-training-600x400.jpg 600w, https:\/\/projects.fikirbuzzprojects.com\/lifeoxygen\/wp-content\/uploads\/2022\/04\/circular-training.jpg 1000w\" sizes=\"(min-width: 900px) 50vw, 100vw\" \/>\t\t\t\t<span class='icon shortcode theme ' style=''>&#58897;<\/span>\t\t\t<\/a>\n\t\t\t<\/div>\n\n\t<div class=\"post-content-wrapper\">\n\t\t<div class=\"post-actions-wrapper clearfix\">\n\t\t\t<div class=\"post-date\">\n\t\t\t\tNisan 4, 2022\t\t\t<\/div>\n\t\t\t\t\t\t\t\n\t\t\t\t\t\t\t\t\t<\/div>\n\n\t\t\t\t<header class=\"single\">\n\t\t\t<div class=\"content\">\n\t\t\t\t<h4>\n\t\t\t\t\t<a href=\"https:\/\/projects.fikirbuzzprojects.com\/lifeoxygen\/circular-training\/\" title=\"Circular Training Nedir?\" class=\"entry-title\">Circular Training Nedir?<\/a>\n\t\t\t\t<\/h4>\n\t\t\t<\/div>\n\t\t<\/header>\n\t\n\t\t<div class=\"post-content-outer\">\n\t\t\t<p>Circular Training, dayan\u0131kl\u0131l\u0131k, diren\u00e7, y\u00fcksek yo\u011funluklu aerobik ve y\u00fcksek yo\u011funluklu interval antrenman\u0131na benzer bir devrede&#8230;<\/p>\n\t\t<\/div>\n\n\t\t\t<\/div>\n\t<\/div>\n<\/div>\n\t\t\t<\/div>\n\t\t<\/div>\n\t\t<div class=\"page-content post-header grid-1-4 list-item cbp-item post-10251 post type-post status-publish format-standard has-post-thumbnail hentry category-fitness\" >\n\t\t\t<div>\n\t\t\t\t<div class=\"post-article has-image-wrapper \">\n\t<div class=\"standard-post-format clearfix as-image \">\n\t\t\t<div class=\"thumbnail\">\n\t\t\t\t\t<a href=\"https:\/\/projects.fikirbuzzprojects.com\/lifeoxygen\/cross-fit\/\" title=\"Cross Fit Nedir?\">\n\t\t\t\t<img width=\"292\" height=\"191\" src=\"https:\/\/projects.fikirbuzzprojects.com\/lifeoxygen\/wp-content\/uploads\/2022\/04\/crossfit-292x191.jpg\" class=\"attachment-portfolio-masonry-4 size-portfolio-masonry-4 wp-post-image\" alt=\"crossfit\" loading=\"lazy\" srcset=\"https:\/\/projects.fikirbuzzprojects.com\/lifeoxygen\/wp-content\/uploads\/2022\/04\/crossfit-292x191.jpg 292w, https:\/\/projects.fikirbuzzprojects.com\/lifeoxygen\/wp-content\/uploads\/2022\/04\/crossfit-300x196.jpg 300w, https:\/\/projects.fikirbuzzprojects.com\/lifeoxygen\/wp-content\/uploads\/2022\/04\/crossfit-768x502.jpg 768w, https:\/\/projects.fikirbuzzprojects.com\/lifeoxygen\/wp-content\/uploads\/2022\/04\/crossfit-615x402.jpg 615w, https:\/\/projects.fikirbuzzprojects.com\/lifeoxygen\/wp-content\/uploads\/2022\/04\/crossfit-400x262.jpg 400w, https:\/\/projects.fikirbuzzprojects.com\/lifeoxygen\/wp-content\/uploads\/2022\/04\/crossfit-600x392.jpg 600w, https:\/\/projects.fikirbuzzprojects.com\/lifeoxygen\/wp-content\/uploads\/2022\/04\/crossfit.jpg 1000w\" sizes=\"(min-width: 900px) 50vw, 100vw\" \/>\t\t\t\t<span class='icon shortcode theme ' style=''>&#58897;<\/span>\t\t\t<\/a>\n\t\t\t<\/div>\n\n\t<div class=\"post-content-wrapper\">\n\t\t<div class=\"post-actions-wrapper clearfix\">\n\t\t\t<div class=\"post-date\">\n\t\t\t\tNisan 4, 2022\t\t\t<\/div>\n\t\t\t\t\t\t\t\n\t\t\t\t\t\t\t\t\t<\/div>\n\n\t\t\t\t<header class=\"single\">\n\t\t\t<div class=\"content\">\n\t\t\t\t<h4>\n\t\t\t\t\t<a href=\"https:\/\/projects.fikirbuzzprojects.com\/lifeoxygen\/cross-fit\/\" title=\"Cross Fit Nedir?\" class=\"entry-title\">Cross Fit Nedir?<\/a>\n\t\t\t\t<\/h4>\n\t\t\t<\/div>\n\t\t<\/header>\n\t\n\t\t<div class=\"post-content-outer\">\n\t\t\t<p>Crossfit g\u00fcvenli, etkili egzersiz ve sa\u011fl\u0131kl\u0131 beslenmeyle karakterize edilen bir ya\u015fam tarz\u0131d\u0131r. Y\u00fcksek yo\u011funlukta tekrar&#8230;<\/p>\n\t\t<\/div>\n\n\t\t\t<\/div>\n\t<\/div>\n<\/div>\n\t\t\t<\/div>\n\t\t<\/div>\n\t\t<div class=\"page-content post-header grid-1-4 list-item cbp-item post-10249 post type-post status-publish format-standard has-post-thumbnail hentry category-fitness\" >\n\t\t\t<div>\n\t\t\t\t<div class=\"post-article has-image-wrapper \">\n\t<div class=\"standard-post-format clearfix as-image \">\n\t\t\t<div class=\"thumbnail\">\n\t\t\t\t\t<a href=\"https:\/\/projects.fikirbuzzprojects.com\/lifeoxygen\/functional-training\/\" title=\"Functional Training Nedir?\">\n\t\t\t\t<img width=\"292\" height=\"162\" src=\"https:\/\/projects.fikirbuzzprojects.com\/lifeoxygen\/wp-content\/uploads\/2022\/04\/functional-training-292x162.jpg\" class=\"attachment-portfolio-masonry-4 size-portfolio-masonry-4 wp-post-image\" alt=\"functional-training\" loading=\"lazy\" srcset=\"https:\/\/projects.fikirbuzzprojects.com\/lifeoxygen\/wp-content\/uploads\/2022\/04\/functional-training-292x162.jpg 292w, https:\/\/projects.fikirbuzzprojects.com\/lifeoxygen\/wp-content\/uploads\/2022\/04\/functional-training-300x166.jpg 300w, https:\/\/projects.fikirbuzzprojects.com\/lifeoxygen\/wp-content\/uploads\/2022\/04\/functional-training-768x425.jpg 768w, https:\/\/projects.fikirbuzzprojects.com\/lifeoxygen\/wp-content\/uploads\/2022\/04\/functional-training-615x341.jpg 615w, https:\/\/projects.fikirbuzzprojects.com\/lifeoxygen\/wp-content\/uploads\/2022\/04\/functional-training-400x222.jpg 400w, https:\/\/projects.fikirbuzzprojects.com\/lifeoxygen\/wp-content\/uploads\/2022\/04\/functional-training-600x332.jpg 600w, https:\/\/projects.fikirbuzzprojects.com\/lifeoxygen\/wp-content\/uploads\/2022\/04\/functional-training.jpg 1000w\" sizes=\"(min-width: 900px) 50vw, 100vw\" \/>\t\t\t\t<span class='icon shortcode theme ' style=''>&#58897;<\/span>\t\t\t<\/a>\n\t\t\t<\/div>\n\n\t<div class=\"post-content-wrapper\">\n\t\t<div class=\"post-actions-wrapper clearfix\">\n\t\t\t<div class=\"post-date\">\n\t\t\t\tNisan 4, 2022\t\t\t<\/div>\n\t\t\t\t\t\t\t\n\t\t\t\t\t\t\t\t\t<\/div>\n\n\t\t\t\t<header class=\"single\">\n\t\t\t<div class=\"content\">\n\t\t\t\t<h4>\n\t\t\t\t\t<a href=\"https:\/\/projects.fikirbuzzprojects.com\/lifeoxygen\/functional-training\/\" title=\"Functional Training Nedir?\" class=\"entry-title\">Functional Training Nedir?<\/a>\n\t\t\t\t<\/h4>\n\t\t\t<\/div>\n\t\t<\/header>\n\t\n\t\t<div class=\"post-content-outer\">\n\t\t\t<p>T\u00fcm v\u00fccut kaslar\u0131m\u0131z\u0131 dengeli ve koordinasyonlu bir \u015fekilde kullanmam\u0131za olanak sa\u011flayan Functional Training, tek eklemli&#8230;<\/p>\n\t\t<\/div>\n\n\t\t\t<\/div>\n\t<\/div>\n<\/div>\n\t\t\t<\/div>\n\t\t<\/div>\n\t\t<div class=\"page-content post-header grid-1-4 clearboth list-item cbp-item post-10247 post type-post status-publish format-standard has-post-thumbnail hentry category-pilates\" >\n\t\t\t<div>\n\t\t\t\t<div class=\"post-article has-image-wrapper \">\n\t<div class=\"standard-post-format clearfix as-image \">\n\t\t\t<div class=\"thumbnail\">\n\t\t\t\t\t<a href=\"https:\/\/projects.fikirbuzzprojects.com\/lifeoxygen\/mat-pilates\/\" title=\"Mat Pilates Nedir?\">\n\t\t\t\t<img width=\"292\" height=\"195\" src=\"https:\/\/projects.fikirbuzzprojects.com\/lifeoxygen\/wp-content\/uploads\/2022\/04\/mat-pilates-292x195.jpg\" class=\"attachment-portfolio-masonry-4 size-portfolio-masonry-4 wp-post-image\" alt=\"mat-pilates\" loading=\"lazy\" srcset=\"https:\/\/projects.fikirbuzzprojects.com\/lifeoxygen\/wp-content\/uploads\/2022\/04\/mat-pilates-292x195.jpg 292w, https:\/\/projects.fikirbuzzprojects.com\/lifeoxygen\/wp-content\/uploads\/2022\/04\/mat-pilates-300x200.jpg 300w, https:\/\/projects.fikirbuzzprojects.com\/lifeoxygen\/wp-content\/uploads\/2022\/04\/mat-pilates-768x512.jpg 768w, https:\/\/projects.fikirbuzzprojects.com\/lifeoxygen\/wp-content\/uploads\/2022\/04\/mat-pilates-615x410.jpg 615w, https:\/\/projects.fikirbuzzprojects.com\/lifeoxygen\/wp-content\/uploads\/2022\/04\/mat-pilates-400x266.jpg 400w, https:\/\/projects.fikirbuzzprojects.com\/lifeoxygen\/wp-content\/uploads\/2022\/04\/mat-pilates-600x400.jpg 600w, https:\/\/projects.fikirbuzzprojects.com\/lifeoxygen\/wp-content\/uploads\/2022\/04\/mat-pilates.jpg 1000w\" sizes=\"(min-width: 900px) 50vw, 100vw\" \/>\t\t\t\t<span class='icon shortcode theme ' style=''>&#58897;<\/span>\t\t\t<\/a>\n\t\t\t<\/div>\n\n\t<div class=\"post-content-wrapper\">\n\t\t<div class=\"post-actions-wrapper clearfix\">\n\t\t\t<div class=\"post-date\">\n\t\t\t\tNisan 4, 2022\t\t\t<\/div>\n\t\t\t\t\t\t\t\n\t\t\t\t\t\t\t\t\t<\/div>\n\n\t\t\t\t<header class=\"single\">\n\t\t\t<div class=\"content\">\n\t\t\t\t<h4>\n\t\t\t\t\t<a href=\"https:\/\/projects.fikirbuzzprojects.com\/lifeoxygen\/mat-pilates\/\" title=\"Mat Pilates Nedir?\" class=\"entry-title\">Mat Pilates Nedir?<\/a>\n\t\t\t\t<\/h4>\n\t\t\t<\/div>\n\t\t<\/header>\n\t\n\t\t<div class=\"post-content-outer\">\n\t\t\t<p>Alman Joseph Pilates\u2019in v\u00fccudunun sa\u011fl\u0131\u011f\u0131n\u0131 geri kazanmak amac\u0131 ile geli\u015ftirdi\u011fi Pilates, 20. Y\u00fczy\u0131l\u0131n ba\u015flar\u0131nda ortaya&#8230;<\/p>\n\t\t<\/div>\n\n\t\t\t<\/div>\n\t<\/div>\n<\/div>\n\t\t\t<\/div>\n\t\t<\/div>\n<\/div>\n\n<\/div><\/div>\n","protected":false},"excerpt":{"rendered":"<p>Alman Joseph Pilates\u2019in v\u00fccudunun sa\u011fl\u0131\u011f\u0131n\u0131 geri kazanmak amac\u0131 ile geli\u015ftirdi\u011fi Pilates, 20. Y\u00fczy\u0131l\u0131n ba\u015flar\u0131nda ortaya \u00e7\u0131km\u0131\u015ft\u0131r. Beden ile zihin b\u00fct\u00fcnl\u00fc\u011f\u00fcn\u00fc \u00f6ng\u00f6ren bu egzersizler do\u011fru nefes ile dengeyi birle\u015ftirir. Joseph Pilates\u2019in hasta oldu\u011fu d\u00f6nem kendi bedeninin iyile\u015fmesi \u00fczerine tasarlad\u0131\u011f\u0131 egzersizler rehabilitasyon temelli oldu\u011fundan her cinsten insana uygunluk g\u00f6sterebilir. Pilates&#8217;in bir t\u00fcr\u00fc olan Mat Pilates ise ki\u015finin&#8230;<\/p>\n","protected":false},"author":1,"featured_media":0,"parent":0,"menu_order":0,"comment_status":"closed","ping_status":"closed","template":"","meta":[],"yoast_head":"<!-- This site is optimized with the Yoast SEO plugin v18.4.1 - https:\/\/yoast.com\/wordpress\/plugins\/seo\/ -->\n<title>Blog - Ac\u0131badem Personal Trainer<\/title>\n<meta name=\"robots\" content=\"index, follow, max-snippet:-1, max-image-preview:large, max-video-preview:-1\" \/>\n<link rel=\"canonical\" href=\"https:\/\/projects.fikirbuzzprojects.com\/lifeoxygen\/blog\/\" \/>\n<meta property=\"og:locale\" content=\"tr_TR\" \/>\n<meta property=\"og:type\" content=\"article\" \/>\n<meta property=\"og:title\" content=\"Blog - Ac\u0131badem Personal Trainer\" \/>\n<meta property=\"og:description\" content=\"Alman Joseph Pilates\u2019in v\u00fccudunun sa\u011fl\u0131\u011f\u0131n\u0131 geri kazanmak amac\u0131 ile geli\u015ftirdi\u011fi Pilates, 20. Y\u00fczy\u0131l\u0131n ba\u015flar\u0131nda ortaya \u00e7\u0131km\u0131\u015ft\u0131r. Beden ile zihin b\u00fct\u00fcnl\u00fc\u011f\u00fcn\u00fc \u00f6ng\u00f6ren bu egzersizler do\u011fru nefes ile dengeyi birle\u015ftirir. Joseph Pilates\u2019in hasta oldu\u011fu d\u00f6nem kendi bedeninin iyile\u015fmesi \u00fczerine tasarlad\u0131\u011f\u0131 egzersizler rehabilitasyon temelli oldu\u011fundan her cinsten insana uygunluk g\u00f6sterebilir. Pilates&#8217;in bir t\u00fcr\u00fc olan Mat Pilates ise ki\u015finin...\" \/>\n<meta property=\"og:url\" content=\"https:\/\/projects.fikirbuzzprojects.com\/lifeoxygen\/blog\/\" \/>\n<meta property=\"og:site_name\" content=\"Ac\u0131badem Personal Trainer\" \/>\n<meta property=\"article:modified_time\" content=\"2022-04-04T13:28:51+00:00\" \/>\n<meta name=\"twitter:card\" content=\"summary_large_image\" \/>\n<script type=\"application\/ld+json\" class=\"yoast-schema-graph\">{\"@context\":\"https:\/\/schema.org\",\"@graph\":[{\"@type\":\"Organization\",\"@id\":\"https:\/\/projects.fikirbuzzprojects.com\/lifeoxygen\/#organization\",\"name\":\"Life Oxygen\",\"url\":\"https:\/\/projects.fikirbuzzprojects.com\/lifeoxygen\/\",\"sameAs\":[],\"logo\":{\"@type\":\"ImageObject\",\"@id\":\"https:\/\/projects.fikirbuzzprojects.com\/lifeoxygen\/#logo\",\"inLanguage\":\"tr\",\"url\":\"https:\/\/projects.fikirbuzzprojects.com\/lifeoxygen\/wp-content\/uploads\/2019\/11\/lifeoxygen-beyaz-logo.png\",\"contentUrl\":\"https:\/\/projects.fikirbuzzprojects.com\/lifeoxygen\/wp-content\/uploads\/2019\/11\/lifeoxygen-beyaz-logo.png\",\"width\":400,\"height\":124,\"caption\":\"Life Oxygen\"},\"image\":{\"@id\":\"https:\/\/projects.fikirbuzzprojects.com\/lifeoxygen\/#logo\"}},{\"@type\":\"WebSite\",\"@id\":\"https:\/\/projects.fikirbuzzprojects.com\/lifeoxygen\/#website\",\"url\":\"https:\/\/projects.fikirbuzzprojects.com\/lifeoxygen\/\",\"name\":\"Ac\u0131badem Personal Trainer\",\"description\":\"\",\"publisher\":{\"@id\":\"https:\/\/projects.fikirbuzzprojects.com\/lifeoxygen\/#organization\"},\"potentialAction\":[{\"@type\":\"SearchAction\",\"target\":{\"@type\":\"EntryPoint\",\"urlTemplate\":\"https:\/\/projects.fikirbuzzprojects.com\/lifeoxygen\/?s={search_term_string}\"},\"query-input\":\"required name=search_term_string\"}],\"inLanguage\":\"tr\"},{\"@type\":\"WebPage\",\"@id\":\"https:\/\/projects.fikirbuzzprojects.com\/lifeoxygen\/blog\/#webpage\",\"url\":\"https:\/\/projects.fikirbuzzprojects.com\/lifeoxygen\/blog\/\",\"name\":\"Blog - Ac\u0131badem Personal Trainer\",\"isPartOf\":{\"@id\":\"https:\/\/projects.fikirbuzzprojects.com\/lifeoxygen\/#website\"},\"datePublished\":\"2022-03-28T14:16:50+00:00\",\"dateModified\":\"2022-04-04T13:28:51+00:00\",\"breadcrumb\":{\"@id\":\"https:\/\/projects.fikirbuzzprojects.com\/lifeoxygen\/blog\/#breadcrumb\"},\"inLanguage\":\"tr\",\"potentialAction\":[{\"@type\":\"ReadAction\",\"target\":[\"https:\/\/projects.fikirbuzzprojects.com\/lifeoxygen\/blog\/\"]}]},{\"@type\":\"BreadcrumbList\",\"@id\":\"https:\/\/projects.fikirbuzzprojects.com\/lifeoxygen\/blog\/#breadcrumb\",\"itemListElement\":[{\"@type\":\"ListItem\",\"position\":1,\"name\":\"Anasayfa\",\"item\":\"https:\/\/projects.fikirbuzzprojects.com\/lifeoxygen\/\"},{\"@type\":\"ListItem\",\"position\":2,\"name\":\"Blog\"}]}]}<\/script>\n<!-- \/ Yoast SEO plugin. -->","yoast_head_json":{"title":"Blog - Ac\u0131badem Personal Trainer","robots":{"index":"index","follow":"follow","max-snippet":"max-snippet:-1","max-image-preview":"max-image-preview:large","max-video-preview":"max-video-preview:-1"},"canonical":"https:\/\/projects.fikirbuzzprojects.com\/lifeoxygen\/blog\/","og_locale":"tr_TR","og_type":"article","og_title":"Blog - Ac\u0131badem Personal Trainer","og_description":"Alman Joseph Pilates\u2019in v\u00fccudunun sa\u011fl\u0131\u011f\u0131n\u0131 geri kazanmak amac\u0131 ile geli\u015ftirdi\u011fi Pilates, 20. Y\u00fczy\u0131l\u0131n ba\u015flar\u0131nda ortaya \u00e7\u0131km\u0131\u015ft\u0131r. Beden ile zihin b\u00fct\u00fcnl\u00fc\u011f\u00fcn\u00fc \u00f6ng\u00f6ren bu egzersizler do\u011fru nefes ile dengeyi birle\u015ftirir. Joseph Pilates\u2019in hasta oldu\u011fu d\u00f6nem kendi bedeninin iyile\u015fmesi \u00fczerine tasarlad\u0131\u011f\u0131 egzersizler rehabilitasyon temelli oldu\u011fundan her cinsten insana uygunluk g\u00f6sterebilir. Pilates&#8217;in bir t\u00fcr\u00fc olan Mat Pilates ise ki\u015finin...","og_url":"https:\/\/projects.fikirbuzzprojects.com\/lifeoxygen\/blog\/","og_site_name":"Ac\u0131badem Personal Trainer","article_modified_time":"2022-04-04T13:28:51+00:00","twitter_card":"summary_large_image","schema":{"@context":"https:\/\/schema.org","@graph":[{"@type":"Organization","@id":"https:\/\/projects.fikirbuzzprojects.com\/lifeoxygen\/#organization","name":"Life Oxygen","url":"https:\/\/projects.fikirbuzzprojects.com\/lifeoxygen\/","sameAs":[],"logo":{"@type":"ImageObject","@id":"https:\/\/projects.fikirbuzzprojects.com\/lifeoxygen\/#logo","inLanguage":"tr","url":"https:\/\/projects.fikirbuzzprojects.com\/lifeoxygen\/wp-content\/uploads\/2019\/11\/lifeoxygen-beyaz-logo.png","contentUrl":"https:\/\/projects.fikirbuzzprojects.com\/lifeoxygen\/wp-content\/uploads\/2019\/11\/lifeoxygen-beyaz-logo.png","width":400,"height":124,"caption":"Life Oxygen"},"image":{"@id":"https:\/\/projects.fikirbuzzprojects.com\/lifeoxygen\/#logo"}},{"@type":"WebSite","@id":"https:\/\/projects.fikirbuzzprojects.com\/lifeoxygen\/#website","url":"https:\/\/projects.fikirbuzzprojects.com\/lifeoxygen\/","name":"Ac\u0131badem Personal Trainer","description":"","publisher":{"@id":"https:\/\/projects.fikirbuzzprojects.com\/lifeoxygen\/#organization"},"potentialAction":[{"@type":"SearchAction","target":{"@type":"EntryPoint","urlTemplate":"https:\/\/projects.fikirbuzzprojects.com\/lifeoxygen\/?s={search_term_string}"},"query-input":"required name=search_term_string"}],"inLanguage":"tr"},{"@type":"WebPage","@id":"https:\/\/projects.fikirbuzzprojects.com\/lifeoxygen\/blog\/#webpage","url":"https:\/\/projects.fikirbuzzprojects.com\/lifeoxygen\/blog\/","name":"Blog - Ac\u0131badem Personal Trainer","isPartOf":{"@id":"https:\/\/projects.fikirbuzzprojects.com\/lifeoxygen\/#website"},"datePublished":"2022-03-28T14:16:50+00:00","dateModified":"2022-04-04T13:28:51+00:00","breadcrumb":{"@id":"https:\/\/projects.fikirbuzzprojects.com\/lifeoxygen\/blog\/#breadcrumb"},"inLanguage":"tr","potentialAction":[{"@type":"ReadAction","target":["https:\/\/projects.fikirbuzzprojects.com\/lifeoxygen\/blog\/"]}]},{"@type":"BreadcrumbList","@id":"https:\/\/projects.fikirbuzzprojects.com\/lifeoxygen\/blog\/#breadcrumb","itemListElement":[{"@type":"ListItem","position":1,"name":"Anasayfa","item":"https:\/\/projects.fikirbuzzprojects.com\/lifeoxygen\/"},{"@type":"ListItem","position":2,"name":"Blog"}]}]}},"_links":{"self":[{"href":"https:\/\/projects.fikirbuzzprojects.com\/lifeoxygen\/wp-json\/wp\/v2\/pages\/10187"}],"collection":[{"href":"https:\/\/projects.fikirbuzzprojects.com\/lifeoxygen\/wp-json\/wp\/v2\/pages"}],"about":[{"href":"https:\/\/projects.fikirbuzzprojects.com\/lifeoxygen\/wp-json\/wp\/v2\/types\/page"}],"author":[{"embeddable":true,"href":"https:\/\/projects.fikirbuzzprojects.com\/lifeoxygen\/wp-json\/wp\/v2\/users\/1"}],"replies":[{"embeddable":true,"href":"https:\/\/projects.fikirbuzzprojects.com\/lifeoxygen\/wp-json\/wp\/v2\/comments?post=10187"}],"version-history":[{"count":8,"href":"https:\/\/projects.fikirbuzzprojects.com\/lifeoxygen\/wp-json\/wp\/v2\/pages\/10187\/revisions"}],"predecessor-version":[{"id":10264,"href":"https:\/\/projects.fikirbuzzprojects.com\/lifeoxygen\/wp-json\/wp\/v2\/pages\/10187\/revisions\/10264"}],"wp:attachment":[{"href":"https:\/\/projects.fikirbuzzprojects.com\/lifeoxygen\/wp-json\/wp\/v2\/media?parent=10187"}],"curies":[{"name":"wp","href":"https:\/\/api.w.org\/{rel}","templated":true}]}}