{"id":10017,"date":"2019-12-14T17:10:20","date_gmt":"2019-12-14T17:10:20","guid":{"rendered":"https:\/\/projects.fikirbuzzprojects.com\/lifeoxygen\/?page_id=10017"},"modified":"2022-03-29T10:04:07","modified_gmt":"2022-03-29T10:04:07","slug":"kampanyalarimiz","status":"publish","type":"page","link":"https:\/\/projects.fikirbuzzprojects.com\/lifeoxygen\/kampanyalarimiz\/","title":{"rendered":"Kampanyalar\u0131m\u0131z"},"content":{"rendered":"<div class=\"row \"><div class=\"wpv-grid grid-1-1  wpv-first-level first unextended\" style=\"padding-top:0px;padding-bottom:0px\" id=\"wpv-column-73b08c919d6f101bb88ee3bcf41f7cdf\" ><div class=\"row \"><div class=\"wpv-grid grid-1-1  first unextended\" style=\"padding-top:0px;padding-bottom:0px\" id=\"wpv-column-3f067e4106e1734bf62ed49b2a9c1972\" >\t\t<div class=\"sep-text single centered\">\n\t\t\t\t\t\t\t<span class=\"sep-text-before\"><div class=\"sep-text-line\"><\/div><\/span>\n\t\t\t\t\t\t<div class=\"content\">\n\t\t\t\t<h2 class=\"text-divider-double\">G\u00dcNCEL KAMPANYALARIMIZ<\/h2>\t\t\t<\/div>\n\t\t\t<span class=\"sep-text-after\"><div class=\"sep-text-line\"><\/div><\/span>\n\t\t\t\t\t<\/div>\n\t<\/div><\/div>\n<p>\u015eu an g\u00f6sterebilece\u011fimiz bir kampanyam\u0131z bulunmamaktad\u0131r.<\/p>\n<div class=\"row \"><div class=\"wpv-grid grid-1-1  first unextended\" style=\"padding-top:0px;padding-bottom:0px\" id=\"wpv-column-b96d26172ec88a8362997a07917566ee\" >\t\t<div class=\"sep-text single centered\">\n\t\t\t\t\t\t\t<span class=\"sep-text-before\"><div class=\"sep-text-line\"><\/div><\/span>\n\t\t\t\t\t\t<div class=\"content\">\n\t\t\t\t<h2 class=\"text-divider-double\">ESK\u0130 KAMPANYALARIMIZ<\/h2>\t\t\t<\/div>\n\t\t\t<span class=\"sep-text-after\"><div class=\"sep-text-line\"><\/div><\/span>\n\t\t\t\t\t<\/div>\n\t<div class=\"wpv-accordion-wrapper wpv-accordion-1\"><ul class=\"wpv-accordion\" data-collapsible=\"true\"><li class=\"pane-wrapper\" style=\"\">\n\t\t\t\t\t<h4 class=\"tab\"><div class=\"inner\">LIFEOXYGEN FRIENDLY YEN\u0130 YIL HED\u0130YES\u0130 <\/div><\/h4>\n\t\t\t\t\t<div class=\"pane\"><div class=\"inner\"><div class=\"row \"><div class=\"wpv-grid grid-2-3  first unextended\" style=\"padding-top:0px;padding-bottom:0px\" id=\"wpv-column-cbf0b3c63ea4537e72ef55ee1bbcae03\" ><p><strong>3 \u00c7ifte \u00dccretsiz 11 Seans \u201cPERSONAL TRAINER\u201d spor program\u0131 hediye!<\/strong><\/p>\n<p><strong><span style=\"color: #ff0000;\">KAMPANYA KATILIM \u015eARTLARI<\/span><\/strong><\/p>\n<ul>\n<li>\u00a018 ya\u015f\u0131ndan b\u00fcy\u00fck olmak,<\/li>\n<li>\u00a0lifeoxygen\u2019e ula\u015f\u0131labilir yak\u0131nl\u0131kta ikamet ediyor olmak,<\/li>\n<li>Arkada\u015f\u0131 ile birlikte \u201c@lifeoxygentr\u201d instagram profilini takip ediyor olmak,<\/li>\n<li>Kampanya postunu instagram storysinde payla\u015f\u0131yor olmak,<\/li>\n<li>Verilecek randevuda y\u00fcz y\u00fcze g\u00f6r\u00fc\u015fmeye gelebiliyor olmak,<\/li>\n<li>Yukar\u0131da belirtilen kriterlere uygun ki\u015filer, instagram profili \u00fczerinden DM yoluyla veya info@projects.fikirbuzzprojects.com adresine k\u0131saca kampanyaya \u201ckat\u0131lmak istedi\u011fi\u201d ile ilgili a\u00e7\u0131klama ve ileti\u015fim bilgilerini iletmeleri gerekmektedir.<\/li>\n<\/ul>\n<p><strong><span style=\"color: #ff0000;\">KAMPANYA DETAYLARI ve S\u00dcRE\u00c7LER\u0130<\/span><\/strong><\/p>\n<p>1. Kampanya \u015fartlar\u0131n\u0131 yerine getirip g\u00f6r\u00fc\u015fmeye gelen t\u00fcm \u00e7iftlerimize Kozyata\u011f\u0131 Hilton Hotel\u2019de<\/p>\n<ul>\n<li>\u00c7ift Ki\u015filik Konaklama (1 Gece) veya<\/li>\n<li>1 Seans SPA Masaj\u0131 veya<\/li>\n<li>\u00c7ift Ki\u015filik Kahvalt\u0131 veya<\/li>\n<li>Theraline Fonksiyonel Bitki \u00c7aylar\u0131 hediye edilecektir. (Kutu)<\/li>\n<\/ul>\n<p>2. Kampanyaya kat\u0131l\u0131m say\u0131s\u0131 50 \u00e7ift ile s\u0131n\u0131rl\u0131d\u0131r.<\/p>\n<p>3. \u0130lk ba\u015fvuru yapacak ki\u015filer \u00f6ncelikli olacakt\u0131r.<\/p>\n<p>4. 50 \u00e7ift i\u00e7erisinden kat\u0131l\u0131m \u015fartlar\u0131nda belirtilen hususlar\u0131 yerine getiren \u201c3 \u00e7ift\u201d kendilerine \u00f6zel haz\u0131rlanan, alan\u0131nda uzman e\u011fitmen ile bire bir 11 seansl\u0131k \u00fccretsiz \u201cPERSONAL TRAINER\u201d spor program\u0131 kazanacakt\u0131r.<\/p>\n<p>5. Kampanyaya son kat\u0131l\u0131m tarihi 31.12.2019 saat 19:00\u2019a kadard\u0131r.<\/p>\n<p>6. Se\u00e7ilecek 3 \u015fansl\u0131 \u00e7ift 7 Ocak 2020 tarihinde saat 21:00 da \u201clifeoxygentr\u201d instagram profilinde canl\u0131 yay\u0131nda a\u00e7\u0131klanacakt\u0131r.<\/p>\n<p>7. 8 Ocak 2020 tarihinde \u015fansl\u0131 kat\u0131l\u0131mc\u0131lar\u0131m\u0131z k\u0131sa mesaj yoluyla veya bizzat aranarak bilgilendirilecektir.<\/p>\n<p>8. Kazan\u0131lm\u0131\u015f hak bir ba\u015fkas\u0131na devredilemez veya sat\u0131lamaz.<\/p>\n<p>9. \u201clifeoxygen\u201d kampanyay\u0131 herhangi bir ko\u015fula ba\u011fl\u0131 kalmaks\u0131z\u0131n sonland\u0131rma veya de\u011fi\u015ftirme hakk\u0131na sahiptir.<\/div>\n<div class=\"wpv-grid grid-1-3 optional-acordion has-background unextended\" style=\"\n\t\t\t\tbackground: url( 'https:\/\/projects.fikirbuzzprojects.com\/lifeoxygen\/wp-content\/uploads\/2019\/12\/WhatsApp-Image-2019-12-14-at-11.44.25.jpeg' )  ;\n\t\t\t\tbackground-size: auto;\n\t\t\tpadding-top:0px;padding-bottom:0px\" id=\"wpv-column-f2118a57a3e51522edebe785933793e0\" ><p><div role=\"form\" class=\"wpcf7\" id=\"wpcf7-f10030-o1\" lang=\"tr-TR\" dir=\"ltr\">\n<div class=\"screen-reader-response\"><p role=\"status\" aria-live=\"polite\" aria-atomic=\"true\"><\/p> <ul><\/ul><\/div>\n<form action=\"\/lifeoxygen\/wp-json\/wp\/v2\/pages\/10017#wpcf7-f10030-o1\" method=\"post\" class=\"wpcf7-form init\" novalidate=\"novalidate\" data-status=\"init\">\n<div style=\"display: none;\">\n<input type=\"hidden\" name=\"_wpcf7\" value=\"10030\" \/>\n<input type=\"hidden\" name=\"_wpcf7_version\" value=\"5.5.6\" \/>\n<input type=\"hidden\" name=\"_wpcf7_locale\" value=\"tr_TR\" \/>\n<input type=\"hidden\" name=\"_wpcf7_unit_tag\" value=\"wpcf7-f10030-o1\" \/>\n<input type=\"hidden\" name=\"_wpcf7_container_post\" value=\"0\" \/>\n<input type=\"hidden\" name=\"_wpcf7_posted_data_hash\" value=\"\" \/>\n<\/div>\n<p><br\/><\/p>\n<h2 style=\"text-align:center; color:white;\">BA\u015eVURU FORMU<\/h2>\n<div class=\"sep\" style=\"margin: 35px 0 30px 0 !important;\"><\/div>\n<p><label style=\"color: white; font-size: 20px;\"> Ad\u0131n\u0131z Soyad\u0131n\u0131z(gerekli)<br \/>\n    <span class=\"wpcf7-form-control-wrap your-name\"><input type=\"text\" name=\"your-name\" value=\"\" size=\"40\" class=\"wpcf7-form-control wpcf7-text wpcf7-validates-as-required\" readonly=\"readonly\" aria-required=\"true\" aria-invalid=\"false\" \/><\/span> <\/label><\/p>\n<p><label style=\"color: white; font-size: 20px;\"> E-posta adresiniz (gerekli)<br \/>\n    <span class=\"wpcf7-form-control-wrap your-email\"><input type=\"email\" name=\"your-email\" value=\"\" size=\"40\" class=\"wpcf7-form-control wpcf7-text wpcf7-email wpcf7-validates-as-required wpcf7-validates-as-email\" readonly=\"readonly\" aria-required=\"true\" aria-invalid=\"false\" \/><\/span> <\/label><\/p>\n<p><label style=\"color: white; font-size: 20px;\"> Telefonunuz (gerekli)<br \/>\n    <span class=\"wpcf7-form-control-wrap tel\"><input type=\"tel\" name=\"tel\" value=\"\" size=\"40\" class=\"wpcf7-form-control wpcf7-text wpcf7-tel wpcf7-validates-as-required wpcf7-validates-as-tel\" readonly=\"readonly\" aria-required=\"true\" aria-invalid=\"false\" \/><\/span> <\/label><\/p>\n<p><label style=\"color: white; font-size: 20px;\"> Adresiniz (gerekli)<br \/>\n    <span class=\"wpcf7-form-control-wrap adres\"><input type=\"text\" name=\"adres\" value=\"\" size=\"40\" class=\"wpcf7-form-control wpcf7-text wpcf7-validates-as-required\" readonly=\"readonly\" aria-required=\"true\" aria-invalid=\"false\" \/><\/span> <\/label><\/p>\n<p><label style=\"color: white; font-size: 20px;\"> Kampanyam\u0131z\u0131 Nereden \u00d6\u011frendiniz? (gerekli)<br \/>\n   <span class=\"wpcf7-form-control-wrap nereden-duydun\"><select name=\"nereden-duydun\" class=\"wpcf7-form-control wpcf7-select\" aria-invalid=\"false\"><option value=\"Instagram\">Instagram<\/option><option value=\"Facebook\">Facebook<\/option><option value=\"Google\">Google<\/option><option value=\"\u0130nternet Sitemiz\">\u0130nternet Sitemiz<\/option><option value=\"Di\u011fer\">Di\u011fer<\/option><\/select><\/span><br \/>\n <\/label><\/p>\n<p><label style=\"color: white; font-size: 20px;\">Varsa \u0130letiniz<br \/>\n    <span class=\"wpcf7-form-control-wrap your-message\"><textarea name=\"your-message\" cols=\"40\" rows=\"10\" class=\"wpcf7-form-control wpcf7-textarea\" readonly=\"readonly\" aria-invalid=\"false\"><\/textarea><\/span> <\/label><\/p>\n<p><input type=\"submit\" value=\"G\u00f6nder\" class=\"wpcf7-form-control has-spinner wpcf7-submit\" \/><\/p>\n<div class=\"wpcf7-response-output\" aria-hidden=\"true\"><\/div><\/form><\/div><\/div><\/div>\n<p>Ba\u015fvuru formumuzu doldurduktan sonra sizinle irtibata ge\u00e7ece\u011fiz.<\/div><\/div>\n\t\t\t\t\t<\/li><\/ul><style>.wpv-accordion-1 .tab .inner { background-color: #d30a0a; color: #ffffff; }<\/style><\/div><\/div><\/div><\/div><\/div>\n","protected":false},"excerpt":{"rendered":"<p>\u015eu an g\u00f6sterebilece\u011fimiz bir kampanyam\u0131z bulunmamaktad\u0131r.<\/p>\n","protected":false},"author":1,"featured_media":0,"parent":0,"menu_order":0,"comment_status":"closed","ping_status":"closed","template":"","meta":[],"yoast_head":"<!-- This site is optimized with the Yoast SEO plugin v18.4.1 - https:\/\/yoast.com\/wordpress\/plugins\/seo\/ -->\n<title>Kampanyalar\u0131m\u0131z - Ac\u0131badem Personal Trainer<\/title>\n<meta name=\"robots\" content=\"index, follow, max-snippet:-1, max-image-preview:large, max-video-preview:-1\" \/>\n<link rel=\"canonical\" href=\"https:\/\/projects.fikirbuzzprojects.com\/lifeoxygen\/kampanyalarimiz\/\" \/>\n<meta property=\"og:locale\" content=\"tr_TR\" \/>\n<meta property=\"og:type\" content=\"article\" \/>\n<meta property=\"og:title\" content=\"Kampanyalar\u0131m\u0131z - Ac\u0131badem Personal Trainer\" \/>\n<meta property=\"og:description\" content=\"\u015eu an g\u00f6sterebilece\u011fimiz bir kampanyam\u0131z bulunmamaktad\u0131r.\" \/>\n<meta property=\"og:url\" content=\"https:\/\/projects.fikirbuzzprojects.com\/lifeoxygen\/kampanyalarimiz\/\" \/>\n<meta property=\"og:site_name\" content=\"Ac\u0131badem Personal Trainer\" \/>\n<meta property=\"article:modified_time\" content=\"2022-03-29T10:04:07+00:00\" \/>\n<meta name=\"twitter:card\" content=\"summary_large_image\" \/>\n<meta name=\"twitter:label1\" content=\"Tahmini okuma s\u00fcresi\" \/>\n\t<meta name=\"twitter:data1\" content=\"3 dakika\" \/>\n<script type=\"application\/ld+json\" class=\"yoast-schema-graph\">{\"@context\":\"https:\/\/schema.org\",\"@graph\":[{\"@type\":\"Organization\",\"@id\":\"https:\/\/projects.fikirbuzzprojects.com\/lifeoxygen\/#organization\",\"name\":\"Life Oxygen\",\"url\":\"https:\/\/projects.fikirbuzzprojects.com\/lifeoxygen\/\",\"sameAs\":[],\"logo\":{\"@type\":\"ImageObject\",\"@id\":\"https:\/\/projects.fikirbuzzprojects.com\/lifeoxygen\/#logo\",\"inLanguage\":\"tr\",\"url\":\"https:\/\/projects.fikirbuzzprojects.com\/lifeoxygen\/wp-content\/uploads\/2019\/11\/lifeoxygen-beyaz-logo.png\",\"contentUrl\":\"https:\/\/projects.fikirbuzzprojects.com\/lifeoxygen\/wp-content\/uploads\/2019\/11\/lifeoxygen-beyaz-logo.png\",\"width\":400,\"height\":124,\"caption\":\"Life Oxygen\"},\"image\":{\"@id\":\"https:\/\/projects.fikirbuzzprojects.com\/lifeoxygen\/#logo\"}},{\"@type\":\"WebSite\",\"@id\":\"https:\/\/projects.fikirbuzzprojects.com\/lifeoxygen\/#website\",\"url\":\"https:\/\/projects.fikirbuzzprojects.com\/lifeoxygen\/\",\"name\":\"Ac\u0131badem Personal Trainer\",\"description\":\"\",\"publisher\":{\"@id\":\"https:\/\/projects.fikirbuzzprojects.com\/lifeoxygen\/#organization\"},\"potentialAction\":[{\"@type\":\"SearchAction\",\"target\":{\"@type\":\"EntryPoint\",\"urlTemplate\":\"https:\/\/projects.fikirbuzzprojects.com\/lifeoxygen\/?s={search_term_string}\"},\"query-input\":\"required name=search_term_string\"}],\"inLanguage\":\"tr\"},{\"@type\":\"WebPage\",\"@id\":\"https:\/\/projects.fikirbuzzprojects.com\/lifeoxygen\/kampanyalarimiz\/#webpage\",\"url\":\"https:\/\/projects.fikirbuzzprojects.com\/lifeoxygen\/kampanyalarimiz\/\",\"name\":\"Kampanyalar\u0131m\u0131z - Ac\u0131badem Personal Trainer\",\"isPartOf\":{\"@id\":\"https:\/\/projects.fikirbuzzprojects.com\/lifeoxygen\/#website\"},\"datePublished\":\"2019-12-14T17:10:20+00:00\",\"dateModified\":\"2022-03-29T10:04:07+00:00\",\"breadcrumb\":{\"@id\":\"https:\/\/projects.fikirbuzzprojects.com\/lifeoxygen\/kampanyalarimiz\/#breadcrumb\"},\"inLanguage\":\"tr\",\"potentialAction\":[{\"@type\":\"ReadAction\",\"target\":[\"https:\/\/projects.fikirbuzzprojects.com\/lifeoxygen\/kampanyalarimiz\/\"]}]},{\"@type\":\"BreadcrumbList\",\"@id\":\"https:\/\/projects.fikirbuzzprojects.com\/lifeoxygen\/kampanyalarimiz\/#breadcrumb\",\"itemListElement\":[{\"@type\":\"ListItem\",\"position\":1,\"name\":\"Anasayfa\",\"item\":\"https:\/\/projects.fikirbuzzprojects.com\/lifeoxygen\/\"},{\"@type\":\"ListItem\",\"position\":2,\"name\":\"Kampanyalar\u0131m\u0131z\"}]}]}<\/script>\n<!-- \/ Yoast SEO plugin. -->","yoast_head_json":{"title":"Kampanyalar\u0131m\u0131z - Ac\u0131badem Personal Trainer","robots":{"index":"index","follow":"follow","max-snippet":"max-snippet:-1","max-image-preview":"max-image-preview:large","max-video-preview":"max-video-preview:-1"},"canonical":"https:\/\/projects.fikirbuzzprojects.com\/lifeoxygen\/kampanyalarimiz\/","og_locale":"tr_TR","og_type":"article","og_title":"Kampanyalar\u0131m\u0131z - Ac\u0131badem Personal Trainer","og_description":"\u015eu an g\u00f6sterebilece\u011fimiz bir kampanyam\u0131z bulunmamaktad\u0131r.","og_url":"https:\/\/projects.fikirbuzzprojects.com\/lifeoxygen\/kampanyalarimiz\/","og_site_name":"Ac\u0131badem Personal Trainer","article_modified_time":"2022-03-29T10:04:07+00:00","twitter_card":"summary_large_image","twitter_misc":{"Tahmini okuma s\u00fcresi":"3 dakika"},"schema":{"@context":"https:\/\/schema.org","@graph":[{"@type":"Organization","@id":"https:\/\/projects.fikirbuzzprojects.com\/lifeoxygen\/#organization","name":"Life Oxygen","url":"https:\/\/projects.fikirbuzzprojects.com\/lifeoxygen\/","sameAs":[],"logo":{"@type":"ImageObject","@id":"https:\/\/projects.fikirbuzzprojects.com\/lifeoxygen\/#logo","inLanguage":"tr","url":"https:\/\/projects.fikirbuzzprojects.com\/lifeoxygen\/wp-content\/uploads\/2019\/11\/lifeoxygen-beyaz-logo.png","contentUrl":"https:\/\/projects.fikirbuzzprojects.com\/lifeoxygen\/wp-content\/uploads\/2019\/11\/lifeoxygen-beyaz-logo.png","width":400,"height":124,"caption":"Life Oxygen"},"image":{"@id":"https:\/\/projects.fikirbuzzprojects.com\/lifeoxygen\/#logo"}},{"@type":"WebSite","@id":"https:\/\/projects.fikirbuzzprojects.com\/lifeoxygen\/#website","url":"https:\/\/projects.fikirbuzzprojects.com\/lifeoxygen\/","name":"Ac\u0131badem Personal Trainer","description":"","publisher":{"@id":"https:\/\/projects.fikirbuzzprojects.com\/lifeoxygen\/#organization"},"potentialAction":[{"@type":"SearchAction","target":{"@type":"EntryPoint","urlTemplate":"https:\/\/projects.fikirbuzzprojects.com\/lifeoxygen\/?s={search_term_string}"},"query-input":"required name=search_term_string"}],"inLanguage":"tr"},{"@type":"WebPage","@id":"https:\/\/projects.fikirbuzzprojects.com\/lifeoxygen\/kampanyalarimiz\/#webpage","url":"https:\/\/projects.fikirbuzzprojects.com\/lifeoxygen\/kampanyalarimiz\/","name":"Kampanyalar\u0131m\u0131z - Ac\u0131badem Personal Trainer","isPartOf":{"@id":"https:\/\/projects.fikirbuzzprojects.com\/lifeoxygen\/#website"},"datePublished":"2019-12-14T17:10:20+00:00","dateModified":"2022-03-29T10:04:07+00:00","breadcrumb":{"@id":"https:\/\/projects.fikirbuzzprojects.com\/lifeoxygen\/kampanyalarimiz\/#breadcrumb"},"inLanguage":"tr","potentialAction":[{"@type":"ReadAction","target":["https:\/\/projects.fikirbuzzprojects.com\/lifeoxygen\/kampanyalarimiz\/"]}]},{"@type":"BreadcrumbList","@id":"https:\/\/projects.fikirbuzzprojects.com\/lifeoxygen\/kampanyalarimiz\/#breadcrumb","itemListElement":[{"@type":"ListItem","position":1,"name":"Anasayfa","item":"https:\/\/projects.fikirbuzzprojects.com\/lifeoxygen\/"},{"@type":"ListItem","position":2,"name":"Kampanyalar\u0131m\u0131z"}]}]}},"_links":{"self":[{"href":"https:\/\/projects.fikirbuzzprojects.com\/lifeoxygen\/wp-json\/wp\/v2\/pages\/10017"}],"collection":[{"href":"https:\/\/projects.fikirbuzzprojects.com\/lifeoxygen\/wp-json\/wp\/v2\/pages"}],"about":[{"href":"https:\/\/projects.fikirbuzzprojects.com\/lifeoxygen\/wp-json\/wp\/v2\/types\/page"}],"author":[{"embeddable":true,"href":"https:\/\/projects.fikirbuzzprojects.com\/lifeoxygen\/wp-json\/wp\/v2\/users\/1"}],"replies":[{"embeddable":true,"href":"https:\/\/projects.fikirbuzzprojects.com\/lifeoxygen\/wp-json\/wp\/v2\/comments?post=10017"}],"version-history":[{"count":26,"href":"https:\/\/projects.fikirbuzzprojects.com\/lifeoxygen\/wp-json\/wp\/v2\/pages\/10017\/revisions"}],"predecessor-version":[{"id":10020,"href":"https:\/\/projects.fikirbuzzprojects.com\/lifeoxygen\/wp-json\/wp\/v2\/pages\/10017\/revisions\/10020"}],"wp:attachment":[{"href":"https:\/\/projects.fikirbuzzprojects.com\/lifeoxygen\/wp-json\/wp\/v2\/media?parent=10017"}],"curies":[{"name":"wp","href":"https:\/\/api.w.org\/{rel}","templated":true}]}}